{"id":487,"date":"2023-03-10T15:01:40","date_gmt":"2023-03-10T14:01:40","guid":{"rendered":"https:\/\/www.gym-vitalite.fr\/?page_id=487"},"modified":"2025-03-16T12:02:15","modified_gmt":"2025-03-16T11:02:15","slug":"elementor-487","status":"publish","type":"page","link":"https:\/\/www.gym-vitalite.fr\/?page_id=487","title":{"rendered":"Fermeture des \u00e9quipements sportifs \/ 2025"},"content":{"rendered":"\t\t<div data-elementor-type=\"wp-page\" data-elementor-id=\"487\" class=\"elementor elementor-487\">\n\t\t\t\t\t\t<section class=\"elementor-section elementor-top-section elementor-element elementor-element-4f66086 elementor-section-boxed elementor-section-height-default elementor-section-height-default wpr-particle-no wpr-jarallax-no wpr-parallax-no wpr-sticky-section-no wpr-equal-height-no\" data-id=\"4f66086\" data-element_type=\"section\" data-e-type=\"section\">\n\t\t\t\t\t\t<div class=\"elementor-container elementor-column-gap-default\">\n\t\t\t\t\t<div class=\"elementor-column elementor-col-100 elementor-top-column elementor-element elementor-element-2aa0251\" data-id=\"2aa0251\" data-element_type=\"column\" data-e-type=\"column\">\n\t\t\t<div class=\"elementor-widget-wrap elementor-element-populated\">\n\t\t\t\t\t\t<div class=\"elementor-element elementor-element-ffa6c23 elementor-widget elementor-widget-spacer\" data-id=\"ffa6c23\" data-element_type=\"widget\" data-e-type=\"widget\" data-widget_type=\"spacer.default\">\n\t\t\t\t<div class=\"elementor-widget-container\">\n\t\t\t\t\t\t\t<div class=\"elementor-spacer\">\n\t\t\t<div class=\"elementor-spacer-inner\"><\/div>\n\t\t<\/div>\n\t\t\t\t\t\t<\/div>\n\t\t\t\t<\/div>\n\t\t\t\t<div class=\"elementor-element elementor-element-fa4162f elementor-widget elementor-widget-heading\" data-id=\"fa4162f\" data-element_type=\"widget\" data-e-type=\"widget\" data-widget_type=\"heading.default\">\n\t\t\t\t<div class=\"elementor-widget-container\">\n\t\t\t\t\t<h2 class=\"elementor-heading-title elementor-size-default\">Fermeture des \u00e9quipements sportifs les 21 avril, 1er, 8, 29 mai et lundi 9 juin 2025 - Jours f\u00e9ri\u00e9s<\/h2>\t\t\t\t<\/div>\n\t\t\t\t<\/div>\n\t\t\t\t\t<\/div>\n\t\t<\/div>\n\t\t\t\t\t<\/div>\n\t\t<\/section>\n\t\t\t\t<section class=\"elementor-section elementor-top-section elementor-element elementor-element-fc38b28 elementor-section-boxed elementor-section-height-default elementor-section-height-default wpr-particle-no wpr-jarallax-no wpr-parallax-no wpr-sticky-section-no wpr-equal-height-no\" data-id=\"fc38b28\" data-element_type=\"section\" data-e-type=\"section\">\n\t\t\t\t\t\t<div class=\"elementor-container elementor-column-gap-default\">\n\t\t\t\t\t<div class=\"elementor-column elementor-col-100 elementor-top-column elementor-element elementor-element-aa4c05f\" data-id=\"aa4c05f\" data-element_type=\"column\" data-e-type=\"column\">\n\t\t\t<div class=\"elementor-widget-wrap elementor-element-populated\">\n\t\t\t\t\t\t<div class=\"elementor-element elementor-element-bea4258 elementor-widget elementor-widget-spacer\" data-id=\"bea4258\" data-element_type=\"widget\" data-e-type=\"widget\" data-widget_type=\"spacer.default\">\n\t\t\t\t<div class=\"elementor-widget-container\">\n\t\t\t\t\t\t\t<div class=\"elementor-spacer\">\n\t\t\t<div class=\"elementor-spacer-inner\"><\/div>\n\t\t<\/div>\n\t\t\t\t\t\t<\/div>\n\t\t\t\t<\/div>\n\t\t\t\t<div class=\"elementor-element elementor-element-7321167 elementor-widget elementor-widget-text-editor\" data-id=\"7321167\" data-element_type=\"widget\" data-e-type=\"widget\" data-widget_type=\"text-editor.default\">\n\t\t\t\t<div class=\"elementor-widget-container\">\n\t\t\t\t\t\t\t\t\t<p><b><u>Note aux utilisateurs des \u00e9quipements sportifs.<\/u><\/b><\/p>\n<p><b><u>(La Gait\u00e9, Salles PAS, Gymnase Centre Ville, Gymnase des ormes, complexe sportif Cheron, CDBM)<\/u><\/b><\/p>\t\t\t\t\t\t\t\t<\/div>\n\t\t\t\t<\/div>\n\t\t\t\t<div class=\"elementor-element elementor-element-969993c elementor-widget elementor-widget-spacer\" data-id=\"969993c\" data-element_type=\"widget\" data-e-type=\"widget\" data-widget_type=\"spacer.default\">\n\t\t\t\t<div class=\"elementor-widget-container\">\n\t\t\t\t\t\t\t<div class=\"elementor-spacer\">\n\t\t\t<div class=\"elementor-spacer-inner\"><\/div>\n\t\t<\/div>\n\t\t\t\t\t\t<\/div>\n\t\t\t\t<\/div>\n\t\t\t\t<div class=\"elementor-element elementor-element-3465c24 elementor-widget elementor-widget-text-editor\" data-id=\"3465c24\" data-element_type=\"widget\" data-e-type=\"widget\" data-widget_type=\"text-editor.default\">\n\t\t\t\t<div class=\"elementor-widget-container\">\n\t\t\t\t\t\t\t\t\t<p>La mairie nous informe que les \u00e9quipements sportifs seront ferm\u00e9s les jours f\u00e9ri\u00e9s suivants :\u00a0<\/p><ul><li>Le lundi 21 avril 2025,\u00a0<\/li><li>Les lundis 1er et 8 mai 2025,<\/li><li>Le jeudi 29 mai 2025,<\/li><li>Le lundi 9 juin 2025.<\/li><\/ul><div><span style=\"font-family: -apple-system, system-ui, Segoe UI, Roboto, Oxygen-Sans, Ubuntu, Cantarell, Helvetica Neue, sans-serif;\">\u00a0<\/span><\/div><div><span style=\"font-family: -apple-system, system-ui, Segoe UI, Roboto, Oxygen-Sans, Ubuntu, Cantarell, Helvetica Neue, sans-serif;\">Vous trouverez la note compl\u00e8te : <span style=\"text-decoration: underline;\"><a href=\"https:\/\/www.gym-vitalite.fr\/wp-content\/uploads\/2025\/02\/Note-Fermeture-Equipements-Sportifs-Jours-Feries.pdf\">sur ce<\/a><\/span><\/span><span style=\"font-family: -apple-system, system-ui, Segoe UI, Roboto, Oxygen-Sans, Ubuntu, Cantarell, Helvetica Neue, sans-serif;\"><span style=\"text-decoration: underline;\"><a href=\"https:\/\/www.gym-vitalite.fr\/wp-content\/uploads\/2023\/03\/Fermeture-Equipements-Jours-Feries-202387.pdf\"> lien\u00a0<\/a><\/span><\/span><\/div>\t\t\t\t\t\t\t\t<\/div>\n\t\t\t\t<\/div>\n\t\t\t\t\t<\/div>\n\t\t<\/div>\n\t\t\t\t\t<\/div>\n\t\t<\/section>\n\t\t\t\t<\/div>\n\t\t","protected":false},"excerpt":{"rendered":"<p>Fermeture des \u00e9quipements sportifs les 21 avril, 1er, 8, 29 mai et lundi 9 juin 2025 &#8211; Jours f\u00e9ri\u00e9s Note aux utilisateurs des \u00e9quipements sportifs. (La Gait\u00e9, Salles PAS, Gymnase Centre Ville, Gymnase des ormes, complexe sportif Cheron, CDBM) La mairie nous informe que les \u00e9quipements sportifs seront ferm\u00e9s les jours f\u00e9ri\u00e9s suivants :\u00a0 Le lundi 21 avril 2025,\u00a0 Les lundis 1er et 8 mai 2025, Le jeudi 29 mai 2025, Le lundi 9 juin 2025. \u00a0Vous trouverez la note compl\u00e8te : sur ce lien\u00a0<\/p>\n","protected":false},"author":1,"featured_media":0,"parent":0,"menu_order":0,"comment_status":"closed","ping_status":"closed","template":"elementor_header_footer","meta":{"_eb_attr":"","footnotes":""},"class_list":["post-487","page","type-page","status-publish","hentry","entry"],"_links":{"self":[{"href":"https:\/\/www.gym-vitalite.fr\/index.php?rest_route=\/wp\/v2\/pages\/487","targetHints":{"allow":["GET"]}}],"collection":[{"href":"https:\/\/www.gym-vitalite.fr\/index.php?rest_route=\/wp\/v2\/pages"}],"about":[{"href":"https:\/\/www.gym-vitalite.fr\/index.php?rest_route=\/wp\/v2\/types\/page"}],"author":[{"embeddable":true,"href":"https:\/\/www.gym-vitalite.fr\/index.php?rest_route=\/wp\/v2\/users\/1"}],"replies":[{"embeddable":true,"href":"https:\/\/www.gym-vitalite.fr\/index.php?rest_route=%2Fwp%2Fv2%2Fcomments&post=487"}],"version-history":[{"count":42,"href":"https:\/\/www.gym-vitalite.fr\/index.php?rest_route=\/wp\/v2\/pages\/487\/revisions"}],"predecessor-version":[{"id":1002,"href":"https:\/\/www.gym-vitalite.fr\/index.php?rest_route=\/wp\/v2\/pages\/487\/revisions\/1002"}],"wp:attachment":[{"href":"https:\/\/www.gym-vitalite.fr\/index.php?rest_route=%2Fwp%2Fv2%2Fmedia&parent=487"}],"curies":[{"name":"wp","href":"https:\/\/api.w.org\/{rel}","templated":true}]}}