{"id":39,"date":"2022-08-26T14:43:16","date_gmt":"2022-08-26T12:43:16","guid":{"rendered":"http:\/\/admin2523"},"modified":"2022-08-31T12:59:22","modified_gmt":"2022-08-31T10:59:22","slug":"gym-tonique","status":"publish","type":"page","link":"https:\/\/www.gym-vitalite.fr\/?page_id=39","title":{"rendered":"Gym Tonique"},"content":{"rendered":"\t\t<div data-elementor-type=\"wp-page\" data-elementor-id=\"39\" class=\"elementor elementor-39\">\n\t\t\t\t\t\t<section class=\"elementor-section elementor-top-section elementor-element elementor-element-0ac33c8 elementor-section-boxed elementor-section-height-default elementor-section-height-default wpr-particle-no wpr-jarallax-no wpr-parallax-no wpr-sticky-section-no wpr-equal-height-no\" data-id=\"0ac33c8\" data-element_type=\"section\" data-e-type=\"section\">\n\t\t\t\t\t\t<div class=\"elementor-container elementor-column-gap-default\">\n\t\t\t\t\t<div class=\"elementor-column elementor-col-100 elementor-top-column elementor-element elementor-element-df22e2c\" data-id=\"df22e2c\" data-element_type=\"column\" data-e-type=\"column\">\n\t\t\t<div class=\"elementor-widget-wrap elementor-element-populated\">\n\t\t\t\t\t\t<div class=\"elementor-element elementor-element-26f24f1 elementor-widget elementor-widget-heading\" data-id=\"26f24f1\" data-element_type=\"widget\" data-e-type=\"widget\" data-widget_type=\"heading.default\">\n\t\t\t\t<div class=\"elementor-widget-container\">\n\t\t\t\t\t<h3 class=\"elementor-heading-title elementor-size-default\">Gym Tonique<\/h3>\t\t\t\t<\/div>\n\t\t\t\t<\/div>\n\t\t\t\t\t<\/div>\n\t\t<\/div>\n\t\t\t\t\t<\/div>\n\t\t<\/section>\n\t\t\t\t<section class=\"elementor-section elementor-top-section elementor-element elementor-element-d38fb9e elementor-section-boxed elementor-section-height-default elementor-section-height-default wpr-particle-no wpr-jarallax-no wpr-parallax-no wpr-sticky-section-no wpr-equal-height-no\" data-id=\"d38fb9e\" data-element_type=\"section\" data-e-type=\"section\">\n\t\t\t\t\t\t<div class=\"elementor-container elementor-column-gap-default\">\n\t\t\t\t\t<div class=\"elementor-column elementor-col-100 elementor-top-column elementor-element elementor-element-6c945a8\" data-id=\"6c945a8\" data-element_type=\"column\" data-e-type=\"column\">\n\t\t\t<div class=\"elementor-widget-wrap elementor-element-populated\">\n\t\t\t\t\t\t<div class=\"elementor-element elementor-element-c1091b2 elementor-widget elementor-widget-text-editor\" data-id=\"c1091b2\" data-element_type=\"widget\" data-e-type=\"widget\" data-widget_type=\"text-editor.default\">\n\t\t\t\t<div class=\"elementor-widget-container\">\n\t\t\t\t\t\t\t\t\t<p><strong><u>VERONIQUE<\/u>&nbsp;:<\/strong><\/p>\n<p>Le cours de gym tonique commence par un \u00e9chauffement puis un travail cardio-vasculaire, du renforcement musculaire, et se termine par un retour au calme avec des \u00e9tirements.<\/p>\n<p>Diverses pratiques sont utilis\u00e9es : Step, Circuit cardio-training, Fitball, Gliding, Musculation, Pilates, Cardio-boxing, Fitstick, stretching, \u2026<\/p>\n<p>Ces s\u00e9ances permettent une bonne d\u00e9pense \u00e9nerg\u00e9tique et un travail de toutes les chaines musculaires.<\/p>\t\t\t\t\t\t\t\t<\/div>\n\t\t\t\t<\/div>\n\t\t\t\t\t<\/div>\n\t\t<\/div>\n\t\t\t\t\t<\/div>\n\t\t<\/section>\n\t\t\t\t<section class=\"elementor-section elementor-top-section elementor-element elementor-element-4c5c4c7 elementor-section-boxed elementor-section-height-default elementor-section-height-default wpr-particle-no wpr-jarallax-no wpr-parallax-no wpr-sticky-section-no wpr-equal-height-no\" data-id=\"4c5c4c7\" data-element_type=\"section\" data-e-type=\"section\">\n\t\t\t\t\t\t<div class=\"elementor-container elementor-column-gap-default\">\n\t\t\t\t\t<div class=\"elementor-column elementor-col-100 elementor-top-column elementor-element elementor-element-475e116\" data-id=\"475e116\" data-element_type=\"column\" data-e-type=\"column\">\n\t\t\t<div class=\"elementor-widget-wrap elementor-element-populated\">\n\t\t\t\t\t\t<div class=\"elementor-element elementor-element-0213c3f elementor-widget elementor-widget-image\" data-id=\"0213c3f\" data-element_type=\"widget\" data-e-type=\"widget\" data-widget_type=\"image.default\">\n\t\t\t\t<div class=\"elementor-widget-container\">\n\t\t\t\t\t\t\t\t\t\t\t\t\t\t\t<img fetchpriority=\"high\" decoding=\"async\" width=\"750\" height=\"500\" src=\"https:\/\/www.gym-vitalite.fr\/wp-content\/uploads\/2022\/08\/GYM-TONIQUE-1024x683.jpeg\" class=\"attachment-large size-large wp-image-321\" alt=\"\" srcset=\"https:\/\/www.gym-vitalite.fr\/wp-content\/uploads\/2022\/08\/GYM-TONIQUE-1024x683.jpeg 1024w, https:\/\/www.gym-vitalite.fr\/wp-content\/uploads\/2022\/08\/GYM-TONIQUE-300x200.jpeg 300w, https:\/\/www.gym-vitalite.fr\/wp-content\/uploads\/2022\/08\/GYM-TONIQUE-768x512.jpeg 768w, https:\/\/www.gym-vitalite.fr\/wp-content\/uploads\/2022\/08\/GYM-TONIQUE-1536x1024.jpeg 1536w, https:\/\/www.gym-vitalite.fr\/wp-content\/uploads\/2022\/08\/GYM-TONIQUE-2048x1365.jpeg 2048w, https:\/\/www.gym-vitalite.fr\/wp-content\/uploads\/2022\/08\/GYM-TONIQUE-1568x1045.jpeg 1568w\" sizes=\"(max-width: 750px) 100vw, 750px\" style=\"width:100%;height:66.68%;max-width:2560px\" \/>\t\t\t\t\t\t\t\t\t\t\t\t\t\t\t<\/div>\n\t\t\t\t<\/div>\n\t\t\t\t\t<\/div>\n\t\t<\/div>\n\t\t\t\t\t<\/div>\n\t\t<\/section>\n\t\t\t\t<\/div>\n\t\t","protected":false},"excerpt":{"rendered":"<p>Gym Tonique VERONIQUE&nbsp;: Le cours de gym tonique commence par un \u00e9chauffement puis un travail cardio-vasculaire, du renforcement musculaire, et se termine par un retour au calme avec des \u00e9tirements. Diverses pratiques sont utilis\u00e9es : Step, Circuit cardio-training, Fitball, Gliding, Musculation, Pilates, Cardio-boxing, Fitstick, stretching, \u2026 Ces s\u00e9ances permettent une bonne d\u00e9pense \u00e9nerg\u00e9tique et un travail de toutes les chaines musculaires.<\/p>\n","protected":false},"author":1,"featured_media":0,"parent":0,"menu_order":0,"comment_status":"closed","ping_status":"closed","template":"elementor_canvas","meta":{"_eb_attr":"","footnotes":""},"class_list":["post-39","page","type-page","status-publish","hentry","entry"],"_links":{"self":[{"href":"https:\/\/www.gym-vitalite.fr\/index.php?rest_route=\/wp\/v2\/pages\/39","targetHints":{"allow":["GET"]}}],"collection":[{"href":"https:\/\/www.gym-vitalite.fr\/index.php?rest_route=\/wp\/v2\/pages"}],"about":[{"href":"https:\/\/www.gym-vitalite.fr\/index.php?rest_route=\/wp\/v2\/types\/page"}],"author":[{"embeddable":true,"href":"https:\/\/www.gym-vitalite.fr\/index.php?rest_route=\/wp\/v2\/users\/1"}],"replies":[{"embeddable":true,"href":"https:\/\/www.gym-vitalite.fr\/index.php?rest_route=%2Fwp%2Fv2%2Fcomments&post=39"}],"version-history":[{"count":16,"href":"https:\/\/www.gym-vitalite.fr\/index.php?rest_route=\/wp\/v2\/pages\/39\/revisions"}],"predecessor-version":[{"id":324,"href":"https:\/\/www.gym-vitalite.fr\/index.php?rest_route=\/wp\/v2\/pages\/39\/revisions\/324"}],"wp:attachment":[{"href":"https:\/\/www.gym-vitalite.fr\/index.php?rest_route=%2Fwp%2Fv2%2Fmedia&parent=39"}],"curies":[{"name":"wp","href":"https:\/\/api.w.org\/{rel}","templated":true}]}}