{"id":38,"date":"2022-08-26T14:43:16","date_gmt":"2022-08-26T12:43:16","guid":{"rendered":"http:\/\/admin2523"},"modified":"2024-05-23T16:27:08","modified_gmt":"2024-05-23T14:27:08","slug":"gym-forme","status":"publish","type":"page","link":"https:\/\/www.gym-vitalite.fr\/?page_id=38","title":{"rendered":"Gym Forme"},"content":{"rendered":"\t\t<div data-elementor-type=\"wp-page\" data-elementor-id=\"38\" class=\"elementor elementor-38\">\n\t\t\t\t\t\t<section class=\"elementor-section elementor-top-section elementor-element elementor-element-a169a7b elementor-section-boxed elementor-section-height-default elementor-section-height-default wpr-particle-no wpr-jarallax-no wpr-parallax-no wpr-sticky-section-no wpr-equal-height-no\" data-id=\"a169a7b\" data-element_type=\"section\" data-e-type=\"section\">\n\t\t\t\t\t\t<div class=\"elementor-container elementor-column-gap-default\">\n\t\t\t\t\t<div class=\"elementor-column elementor-col-100 elementor-top-column elementor-element elementor-element-2c7e98e\" data-id=\"2c7e98e\" data-element_type=\"column\" data-e-type=\"column\">\n\t\t\t<div class=\"elementor-widget-wrap elementor-element-populated\">\n\t\t\t\t\t\t<div class=\"elementor-element elementor-element-1696f68 elementor-widget elementor-widget-heading\" data-id=\"1696f68\" data-element_type=\"widget\" data-e-type=\"widget\" data-widget_type=\"heading.default\">\n\t\t\t\t<div class=\"elementor-widget-container\">\n\t\t\t\t\t<h3 class=\"elementor-heading-title elementor-size-default\">Gym Forme<\/h3>\t\t\t\t<\/div>\n\t\t\t\t<\/div>\n\t\t\t\t\t<\/div>\n\t\t<\/div>\n\t\t\t\t\t<\/div>\n\t\t<\/section>\n\t\t\t\t<section class=\"elementor-section elementor-top-section elementor-element elementor-element-c0b5239 elementor-section-boxed elementor-section-height-default elementor-section-height-default wpr-particle-no wpr-jarallax-no wpr-parallax-no wpr-sticky-section-no wpr-equal-height-no\" data-id=\"c0b5239\" data-element_type=\"section\" data-e-type=\"section\">\n\t\t\t\t\t\t<div class=\"elementor-container elementor-column-gap-default\">\n\t\t\t\t\t<div class=\"elementor-column elementor-col-100 elementor-top-column elementor-element elementor-element-30dfbde\" data-id=\"30dfbde\" data-element_type=\"column\" data-e-type=\"column\">\n\t\t\t<div class=\"elementor-widget-wrap elementor-element-populated\">\n\t\t\t\t\t\t<div class=\"elementor-element elementor-element-2684a45 elementor-widget elementor-widget-text-editor\" data-id=\"2684a45\" data-element_type=\"widget\" data-e-type=\"widget\" data-widget_type=\"text-editor.default\">\n\t\t\t\t<div class=\"elementor-widget-container\">\n\t\t\t\t\t\t\t\t\t<p><span style=\"text-decoration: underline;\"><strong>STEPHANIE<\/strong> <\/span>:<\/p><p>Gymnastique d\u2019entretien pour se maintenir en forme et stimuler son tonus musculaire<br \/>Le cours se compose d\u2019un \u00e9chauffement articulaire et dynamique suivi selon les s\u00e9ances d\u2019un travail cardio ou de coordination puis nous passons au renforcement musculaire avec utilisation de petits mat\u00e9riels (lestes, b\u00e2tons, \u00e9lastiques, step, glidding, fitball\u2026) et nous terminons par des \u00e9tirements et de la relaxation.<\/p><p><br \/><span style=\"text-decoration: underline;\"><strong>MARION<\/strong><\/span> :<\/p><p>S\u00e9ances de renforcement musculaire tr\u00e8s diversifi\u00e9es (utilisation de tout le mat\u00e9riel) accessibles \u00e0 tous les niveaux car je propose des variantes en fonction de la condition physique de chacun.<\/p><p><br \/><span style=\"text-decoration: underline;\"><b>JEROME<\/b>\u00a0<\/span>:<\/p><p>Le contenu de ce cours est unique et varie de semaine en semaine ! Afin de vous maintenir en forme au maximum nous allons casser la routine d\u2019entrainement en utilisant des techniques diff\u00e9rentes \u00e0 chaque fois. Le mot clef \u00e9tant la polyvalence !<br \/>Au programme, renforcement musculaire, cardio (sous forme de Tabata et de hiit), travail postural et sangle abdominale, pilates sans oublier bien s\u00fbr un d\u00e9veloppement de votre souplesse essentiel pour un corps en constante \u00e9volution.<br \/>Bien que le rythme du cours soit assez soutenu, il n\u2019y a pas besoin d\u2019un niveau tr\u00e8s \u00e9lev\u00e9 pour commencer, et en cas de pathologie nous vous proposerons des exercices adapt\u00e9s.<br \/>Un cours type est compos\u00e9 en g\u00e9n\u00e9ral d\u2019un \u00e9chauffement sp\u00e9cifique, d\u2019une phase de cardio, d\u2019une phase de renforcement musculaire debout puis au sol, et pour finir un temps est accord\u00e9 au stretching afin d\u2019am\u00e9liorer souplesse et r\u00e9cup\u00e9ration.<\/p><p><br \/><span style=\"text-decoration: underline;\"><strong>VERONIQUE<\/strong> <\/span>:<\/p><p>Le cours de gym forme commence par un \u00e9chauffement puis selon les s\u00e9ances un travail cardio-vasculaire, du renforcement musculaire, de l\u2019\u00e9quilibre et se termine par un retour au calme avec des \u00e9tirements.<br \/>Diverses pratiques sont utilis\u00e9es : Step, Circuit cardio-training, Fitball, Gliding, Musculation, Pilates, Cardio-boxing, Fitstick, stretching, techniques douces, \u2026<br \/>Ces s\u00e9ances sont d\u2019une intensit\u00e9 inf\u00e9rieure aux cours de gym tonique et s\u2019adressent \u00e0 tous les publics.<\/p><p><br \/><span style=\"text-decoration: underline;\"><strong>MARIE-EVE<\/strong> <\/span>:<\/p><p>Cours de gymnastique dynamique et adapt\u00e9 \u00e0 chacun : Mobilisation articulaire, Renforcement musculaire, Etirements. Equilibre.<br \/>Public Adulte et Seniors<\/p>\t\t\t\t\t\t\t\t<\/div>\n\t\t\t\t<\/div>\n\t\t\t\t\t<\/div>\n\t\t<\/div>\n\t\t\t\t\t<\/div>\n\t\t<\/section>\n\t\t\t\t<section class=\"elementor-section elementor-top-section elementor-element elementor-element-ad785a4 elementor-section-boxed elementor-section-height-default elementor-section-height-default wpr-particle-no wpr-jarallax-no wpr-parallax-no wpr-sticky-section-no wpr-equal-height-no\" data-id=\"ad785a4\" data-element_type=\"section\" data-e-type=\"section\">\n\t\t\t\t\t\t<div class=\"elementor-container elementor-column-gap-default\">\n\t\t\t\t\t<div class=\"elementor-column elementor-col-100 elementor-top-column elementor-element elementor-element-0db91bb\" data-id=\"0db91bb\" data-element_type=\"column\" data-e-type=\"column\">\n\t\t\t<div class=\"elementor-widget-wrap elementor-element-populated\">\n\t\t\t\t\t\t<div class=\"elementor-element elementor-element-07e3c08 elementor-widget elementor-widget-image\" data-id=\"07e3c08\" data-element_type=\"widget\" data-e-type=\"widget\" data-widget_type=\"image.default\">\n\t\t\t\t<div class=\"elementor-widget-container\">\n\t\t\t\t\t\t\t\t\t\t\t\t\t\t\t<img fetchpriority=\"high\" decoding=\"async\" width=\"750\" height=\"500\" src=\"https:\/\/www.gym-vitalite.fr\/wp-content\/uploads\/2022\/08\/GYM-FORME-1024x683.jpg\" class=\"attachment-large size-large wp-image-309\" alt=\"\" srcset=\"https:\/\/www.gym-vitalite.fr\/wp-content\/uploads\/2022\/08\/GYM-FORME-1024x683.jpg 1024w, https:\/\/www.gym-vitalite.fr\/wp-content\/uploads\/2022\/08\/GYM-FORME-300x200.jpg 300w, https:\/\/www.gym-vitalite.fr\/wp-content\/uploads\/2022\/08\/GYM-FORME-768x512.jpg 768w, https:\/\/www.gym-vitalite.fr\/wp-content\/uploads\/2022\/08\/GYM-FORME-1536x1024.jpg 1536w, https:\/\/www.gym-vitalite.fr\/wp-content\/uploads\/2022\/08\/GYM-FORME-2048x1365.jpg 2048w, https:\/\/www.gym-vitalite.fr\/wp-content\/uploads\/2022\/08\/GYM-FORME-1568x1045.jpg 1568w\" sizes=\"(max-width: 750px) 100vw, 750px\" style=\"width:100%;height:66.68%;max-width:2560px\" \/>\t\t\t\t\t\t\t\t\t\t\t\t\t\t\t<\/div>\n\t\t\t\t<\/div>\n\t\t\t\t\t<\/div>\n\t\t<\/div>\n\t\t\t\t\t<\/div>\n\t\t<\/section>\n\t\t\t\t<\/div>\n\t\t","protected":false},"excerpt":{"rendered":"<p>Gym Forme STEPHANIE : Gymnastique d\u2019entretien pour se maintenir en forme et stimuler son tonus musculaireLe cours se compose d\u2019un \u00e9chauffement articulaire et dynamique suivi selon les s\u00e9ances d\u2019un travail cardio ou de coordination puis nous passons au renforcement musculaire avec utilisation de petits mat\u00e9riels (lestes, b\u00e2tons, \u00e9lastiques, step, glidding, fitball\u2026) et nous terminons par des \u00e9tirements et de la relaxation. MARION : S\u00e9ances de renforcement musculaire tr\u00e8s diversifi\u00e9es (utilisation de tout le mat\u00e9riel) accessibles \u00e0 tous les niveaux car je propose des variantes en fonction de la condition physique de chacun. JEROME\u00a0: Le contenu de ce cours est unique et varie de semaine en semaine ! Afin de vous maintenir en forme au maximum nous allons casser la routine d\u2019entrainement en utilisant des techniques diff\u00e9rentes \u00e0 chaque fois. Le mot clef \u00e9tant la polyvalence !Au programme, renforcement musculaire, cardio (sous forme de Tabata et de hiit), travail postural et sangle abdominale, pilates sans oublier bien s\u00fbr un d\u00e9veloppement de votre souplesse essentiel pour un corps en constante \u00e9volution.Bien que le rythme du cours soit assez soutenu, il n\u2019y a pas besoin d\u2019un niveau tr\u00e8s \u00e9lev\u00e9 pour commencer, et en cas de pathologie nous vous proposerons des exercices adapt\u00e9s.Un cours type est compos\u00e9 en g\u00e9n\u00e9ral d\u2019un \u00e9chauffement sp\u00e9cifique, d\u2019une phase de cardio, d\u2019une phase de renforcement musculaire debout puis au sol, et pour finir un temps est accord\u00e9 au stretching afin d\u2019am\u00e9liorer souplesse et r\u00e9cup\u00e9ration. VERONIQUE : Le cours de gym forme commence par un \u00e9chauffement puis selon les s\u00e9ances un travail cardio-vasculaire, du renforcement musculaire, de l\u2019\u00e9quilibre et se termine par un retour au calme avec des \u00e9tirements.Diverses pratiques sont utilis\u00e9es : Step, Circuit cardio-training, Fitball, Gliding, Musculation, Pilates, Cardio-boxing, Fitstick, stretching, techniques douces, \u2026Ces s\u00e9ances sont d\u2019une intensit\u00e9 inf\u00e9rieure aux cours de gym tonique et s\u2019adressent \u00e0 tous les publics. MARIE-EVE : Cours de gymnastique dynamique et adapt\u00e9 \u00e0 chacun : Mobilisation articulaire, Renforcement musculaire, Etirements. Equilibre.Public Adulte et Seniors<\/p>\n","protected":false},"author":1,"featured_media":0,"parent":0,"menu_order":0,"comment_status":"closed","ping_status":"closed","template":"elementor_canvas","meta":{"_eb_attr":"","footnotes":""},"class_list":["post-38","page","type-page","status-publish","hentry","entry"],"_links":{"self":[{"href":"https:\/\/www.gym-vitalite.fr\/index.php?rest_route=\/wp\/v2\/pages\/38","targetHints":{"allow":["GET"]}}],"collection":[{"href":"https:\/\/www.gym-vitalite.fr\/index.php?rest_route=\/wp\/v2\/pages"}],"about":[{"href":"https:\/\/www.gym-vitalite.fr\/index.php?rest_route=\/wp\/v2\/types\/page"}],"author":[{"embeddable":true,"href":"https:\/\/www.gym-vitalite.fr\/index.php?rest_route=\/wp\/v2\/users\/1"}],"replies":[{"embeddable":true,"href":"https:\/\/www.gym-vitalite.fr\/index.php?rest_route=%2Fwp%2Fv2%2Fcomments&post=38"}],"version-history":[{"count":27,"href":"https:\/\/www.gym-vitalite.fr\/index.php?rest_route=\/wp\/v2\/pages\/38\/revisions"}],"predecessor-version":[{"id":818,"href":"https:\/\/www.gym-vitalite.fr\/index.php?rest_route=\/wp\/v2\/pages\/38\/revisions\/818"}],"wp:attachment":[{"href":"https:\/\/www.gym-vitalite.fr\/index.php?rest_route=%2Fwp%2Fv2%2Fmedia&parent=38"}],"curies":[{"name":"wp","href":"https:\/\/api.w.org\/{rel}","templated":true}]}}