{"id":272,"date":"2022-08-30T08:53:05","date_gmt":"2022-08-30T06:53:05","guid":{"rendered":"https:\/\/www.gym-vitalite.fr\/?page_id=272"},"modified":"2024-09-29T17:31:09","modified_gmt":"2024-09-29T15:31:09","slug":"fin-de-lobligation-du-certificat-medical","status":"publish","type":"page","link":"https:\/\/www.gym-vitalite.fr\/?page_id=272","title":{"rendered":"Fin de l&rsquo;obligation du certificat m\u00e9dical"},"content":{"rendered":"\t\t<div data-elementor-type=\"wp-page\" data-elementor-id=\"272\" class=\"elementor elementor-272\">\n\t\t\t\t\t\t<section class=\"elementor-section elementor-top-section elementor-element elementor-element-bdc6bf5 elementor-section-boxed elementor-section-height-default elementor-section-height-default wpr-particle-no wpr-jarallax-no wpr-parallax-no wpr-sticky-section-no wpr-equal-height-no\" data-id=\"bdc6bf5\" data-element_type=\"section\" data-e-type=\"section\">\n\t\t\t\t\t\t<div class=\"elementor-container elementor-column-gap-default\">\n\t\t\t\t\t<div class=\"elementor-column elementor-col-100 elementor-top-column elementor-element elementor-element-addac3a\" data-id=\"addac3a\" data-element_type=\"column\" data-e-type=\"column\">\n\t\t\t<div class=\"elementor-widget-wrap elementor-element-populated\">\n\t\t\t\t\t\t<div class=\"elementor-element elementor-element-892e7c5 elementor-widget elementor-widget-heading\" data-id=\"892e7c5\" data-element_type=\"widget\" data-e-type=\"widget\" data-widget_type=\"heading.default\">\n\t\t\t\t<div class=\"elementor-widget-container\">\n\t\t\t\t\t<h3 class=\"elementor-heading-title elementor-size-default\">Fin de l'obligation de fournir un certificat m\u00e9dical<\/h3>\t\t\t\t<\/div>\n\t\t\t\t<\/div>\n\t\t\t\t\t<\/div>\n\t\t<\/div>\n\t\t\t\t\t<\/div>\n\t\t<\/section>\n\t\t\t\t<section class=\"elementor-section elementor-top-section elementor-element elementor-element-50a5f4b elementor-section-boxed elementor-section-height-default elementor-section-height-default wpr-particle-no wpr-jarallax-no wpr-parallax-no wpr-sticky-section-no wpr-equal-height-no\" data-id=\"50a5f4b\" data-element_type=\"section\" data-e-type=\"section\">\n\t\t\t\t\t\t<div class=\"elementor-container elementor-column-gap-default\">\n\t\t\t\t\t<div class=\"elementor-column elementor-col-100 elementor-top-column elementor-element elementor-element-0700306\" data-id=\"0700306\" data-element_type=\"column\" data-e-type=\"column\">\n\t\t\t<div class=\"elementor-widget-wrap elementor-element-populated\">\n\t\t\t\t\t\t<div class=\"elementor-element elementor-element-f499266 elementor-widget elementor-widget-text-editor\" data-id=\"f499266\" data-element_type=\"widget\" data-e-type=\"widget\" data-widget_type=\"text-editor.default\">\n\t\t\t\t<div class=\"elementor-widget-container\">\n\t\t\t\t\t\t\t\t\t<p>Nous venons de recevoir une information importante de la F\u00e9d\u00e9ration concernant le certificat m\u00e9dical&nbsp;:<\/p><p><br><\/p>\n<p><\/p>\n<p><i>\u00a0\u00bb La loi visant \u00e0 d\u00e9mocratiser le sport en France du 02 mars 2022 renvoie aux f\u00e9d\u00e9rations sportives la possibilit\u00e9 de rendre obligatoire la pr\u00e9sentation d&rsquo;un certificat m\u00e9dical lors de la prise d&rsquo;une licence sportive.<\/i><\/p>\n<p><i>Le Comit\u00e9 Directeur, sur proposition de la commission m\u00e9dicale de la FFEPGV, a ainsi supprim\u00e9 l&rsquo;obligation de pr\u00e9senter un certificat m\u00e9dical au profit du questionnaire de sant\u00e9.<\/i><\/p>\n<p><i>A compter du 1er septembre 2022, tous les licenci\u00e9s devront remplir un questionnaire de sant\u00e9 et attester aupr\u00e8s du club que chacune des rubriques du questionnaire donne lieu \u00e0 une r\u00e9ponse n\u00e9gative. A d\u00e9faut, ils sont tenus de produire un certificat m\u00e9dical attestant l&rsquo;absence de contre-indication \u00e0 la pratique du sport, de moins de 6 mois.<\/i><\/p>\n<p><i>Le questionnaire de sant\u00e9 est \u00e0 compl\u00e9ter par les nouveaux licenci\u00e9s et par ceux qui renouvellent leur licence\u00a0\u00bb<\/i><\/p>\n<p><i>&nbsp;<\/i><\/p>\n<p><span style=\"font-size: 13.5pt;\">En r\u00e9sum\u00e9, <b>nous supprimons l&rsquo;obligation de fournir un certificat m\u00e9dical<\/b>, sauf si votre sant\u00e9 l&rsquo;impose.<\/span><\/p>\t\t\t\t\t\t\t\t<\/div>\n\t\t\t\t<\/div>\n\t\t\t\t\t<\/div>\n\t\t<\/div>\n\t\t\t\t\t<\/div>\n\t\t<\/section>\n\t\t\t\t<\/div>\n\t\t","protected":false},"excerpt":{"rendered":"<p>Fin de l&rsquo;obligation de fournir un certificat m\u00e9dical Nous venons de recevoir une information importante de la F\u00e9d\u00e9ration concernant le certificat m\u00e9dical&nbsp;: \u00a0\u00bb La loi visant \u00e0 d\u00e9mocratiser le sport en France du 02 mars 2022 renvoie aux f\u00e9d\u00e9rations sportives la possibilit\u00e9 de rendre obligatoire la pr\u00e9sentation d&rsquo;un certificat m\u00e9dical lors de la prise d&rsquo;une licence sportive. Le Comit\u00e9 Directeur, sur proposition de la commission m\u00e9dicale de la FFEPGV, a ainsi supprim\u00e9 l&rsquo;obligation de pr\u00e9senter un certificat m\u00e9dical au profit du questionnaire de sant\u00e9. A compter du 1er septembre 2022, tous les licenci\u00e9s devront remplir un questionnaire de sant\u00e9 et attester aupr\u00e8s du club que chacune des rubriques du questionnaire donne lieu \u00e0 une r\u00e9ponse n\u00e9gative. A d\u00e9faut, ils sont tenus de produire un certificat m\u00e9dical attestant l&rsquo;absence de contre-indication \u00e0 la pratique du sport, de moins de 6 mois. Le questionnaire de sant\u00e9 est \u00e0 compl\u00e9ter par les nouveaux licenci\u00e9s et par ceux qui renouvellent leur licence\u00a0\u00bb &nbsp; En r\u00e9sum\u00e9, nous supprimons l&rsquo;obligation de fournir un certificat m\u00e9dical, sauf si votre sant\u00e9 l&rsquo;impose.<\/p>\n","protected":false},"author":1,"featured_media":0,"parent":0,"menu_order":0,"comment_status":"closed","ping_status":"closed","template":"elementor_canvas","meta":{"_eb_attr":"","footnotes":""},"class_list":["post-272","page","type-page","status-publish","hentry","entry"],"_links":{"self":[{"href":"https:\/\/www.gym-vitalite.fr\/index.php?rest_route=\/wp\/v2\/pages\/272","targetHints":{"allow":["GET"]}}],"collection":[{"href":"https:\/\/www.gym-vitalite.fr\/index.php?rest_route=\/wp\/v2\/pages"}],"about":[{"href":"https:\/\/www.gym-vitalite.fr\/index.php?rest_route=\/wp\/v2\/types\/page"}],"author":[{"embeddable":true,"href":"https:\/\/www.gym-vitalite.fr\/index.php?rest_route=\/wp\/v2\/users\/1"}],"replies":[{"embeddable":true,"href":"https:\/\/www.gym-vitalite.fr\/index.php?rest_route=%2Fwp%2Fv2%2Fcomments&post=272"}],"version-history":[{"count":16,"href":"https:\/\/www.gym-vitalite.fr\/index.php?rest_route=\/wp\/v2\/pages\/272\/revisions"}],"predecessor-version":[{"id":936,"href":"https:\/\/www.gym-vitalite.fr\/index.php?rest_route=\/wp\/v2\/pages\/272\/revisions\/936"}],"wp:attachment":[{"href":"https:\/\/www.gym-vitalite.fr\/index.php?rest_route=%2Fwp%2Fv2%2Fmedia&parent=272"}],"curies":[{"name":"wp","href":"https:\/\/api.w.org\/{rel}","templated":true}]}}