{"id":194,"date":"2022-08-26T16:18:47","date_gmt":"2022-08-26T14:18:47","guid":{"rendered":"https:\/\/www.gym-vitalite.fr\/?page_id=194"},"modified":"2022-08-31T12:58:22","modified_gmt":"2022-08-31T10:58:22","slug":"gym-parent-bebe-et-gym-enfant","status":"publish","type":"page","link":"https:\/\/www.gym-vitalite.fr\/?page_id=194","title":{"rendered":"Gym Parent-b\u00e9b\u00e9 et Gym Enfant"},"content":{"rendered":"\t\t<div data-elementor-type=\"wp-page\" data-elementor-id=\"194\" class=\"elementor elementor-194\">\n\t\t\t\t\t\t<section class=\"elementor-section elementor-top-section elementor-element elementor-element-86bfb30 elementor-section-boxed elementor-section-height-default elementor-section-height-default wpr-particle-no wpr-jarallax-no wpr-parallax-no wpr-sticky-section-no wpr-equal-height-no\" data-id=\"86bfb30\" data-element_type=\"section\" data-e-type=\"section\">\n\t\t\t\t\t\t<div class=\"elementor-container elementor-column-gap-default\">\n\t\t\t\t\t<div class=\"elementor-column elementor-col-100 elementor-top-column elementor-element elementor-element-eed0b62\" data-id=\"eed0b62\" data-element_type=\"column\" data-e-type=\"column\">\n\t\t\t<div class=\"elementor-widget-wrap elementor-element-populated\">\n\t\t\t\t\t\t<div class=\"elementor-element elementor-element-94f2830 elementor-widget elementor-widget-heading\" data-id=\"94f2830\" data-element_type=\"widget\" data-e-type=\"widget\" data-widget_type=\"heading.default\">\n\t\t\t\t<div class=\"elementor-widget-container\">\n\t\t\t\t\t<h3 class=\"elementor-heading-title elementor-size-default\">Gym Parent-b\u00e9b\u00e9 et Gym Enfant<\/h3>\t\t\t\t<\/div>\n\t\t\t\t<\/div>\n\t\t\t\t<div class=\"elementor-element elementor-element-f62744e elementor-widget elementor-widget-text-editor\" data-id=\"f62744e\" data-element_type=\"widget\" data-e-type=\"widget\" data-widget_type=\"text-editor.default\">\n\t\t\t\t<div class=\"elementor-widget-container\">\n\t\t\t\t\t\t\t\t\t<p><strong><span style=\"text-decoration: underline;\">STEPHANIE<\/span>\u00a0:<\/strong><\/p><p><strong>Gym parent-b\u00e9b\u00e9<\/strong><\/p><p>Moment convivial avec son enfant ou petit enfant o\u00f9 il va explorer et d\u00e9couvrir les formes, les couleurs, le mime. Il va se sociabiliser, aller vers les autres et partager.<\/p><p>Le cours dure 45 mn se compose d\u2019un parcours de motricit\u00e9 et de divers jeux et comptines.<\/p><p><strong>\u00a0<\/strong><strong>Gym enfant\u00a0<\/strong><\/p><p>Initiation a plusieurs activit\u00e9s sportives sous formes de jeux (danse, athl\u00e9tisme, grs, badminton, foot, basket, volley, lutte etc\u2026)<\/p><p>Le cours dure 45 mn.<\/p>\t\t\t\t\t\t\t\t<\/div>\n\t\t\t\t<\/div>\n\t\t\t\t\t<\/div>\n\t\t<\/div>\n\t\t\t\t\t<\/div>\n\t\t<\/section>\n\t\t\t\t<section class=\"elementor-section elementor-top-section elementor-element elementor-element-72e05f3 elementor-section-boxed elementor-section-height-default elementor-section-height-default wpr-particle-no wpr-jarallax-no wpr-parallax-no wpr-sticky-section-no wpr-equal-height-no\" data-id=\"72e05f3\" data-element_type=\"section\" data-e-type=\"section\">\n\t\t\t\t\t\t<div class=\"elementor-container elementor-column-gap-default\">\n\t\t\t\t\t<div class=\"elementor-column elementor-col-100 elementor-top-column elementor-element elementor-element-8160949\" data-id=\"8160949\" data-element_type=\"column\" data-e-type=\"column\">\n\t\t\t<div class=\"elementor-widget-wrap elementor-element-populated\">\n\t\t\t\t\t\t<div class=\"elementor-element elementor-element-11ffe9c elementor-widget elementor-widget-image\" data-id=\"11ffe9c\" data-element_type=\"widget\" data-e-type=\"widget\" data-widget_type=\"image.default\">\n\t\t\t\t<div class=\"elementor-widget-container\">\n\t\t\t\t\t\t\t\t\t\t\t\t\t\t\t<img fetchpriority=\"high\" decoding=\"async\" width=\"750\" height=\"500\" src=\"https:\/\/www.gym-vitalite.fr\/wp-content\/uploads\/2022\/08\/GYM-PARENT-BEBE-1024x683.jpeg\" class=\"attachment-large size-large wp-image-317\" alt=\"\" srcset=\"https:\/\/www.gym-vitalite.fr\/wp-content\/uploads\/2022\/08\/GYM-PARENT-BEBE-1024x683.jpeg 1024w, https:\/\/www.gym-vitalite.fr\/wp-content\/uploads\/2022\/08\/GYM-PARENT-BEBE-300x200.jpeg 300w, https:\/\/www.gym-vitalite.fr\/wp-content\/uploads\/2022\/08\/GYM-PARENT-BEBE-768x512.jpeg 768w, https:\/\/www.gym-vitalite.fr\/wp-content\/uploads\/2022\/08\/GYM-PARENT-BEBE-1536x1024.jpeg 1536w, https:\/\/www.gym-vitalite.fr\/wp-content\/uploads\/2022\/08\/GYM-PARENT-BEBE-2048x1365.jpeg 2048w, https:\/\/www.gym-vitalite.fr\/wp-content\/uploads\/2022\/08\/GYM-PARENT-BEBE-1568x1045.jpeg 1568w\" sizes=\"(max-width: 750px) 100vw, 750px\" style=\"width:100%;height:66.68%;max-width:2560px\" \/>\t\t\t\t\t\t\t\t\t\t\t\t\t\t\t<\/div>\n\t\t\t\t<\/div>\n\t\t\t\t\t<\/div>\n\t\t<\/div>\n\t\t\t\t\t<\/div>\n\t\t<\/section>\n\t\t\t\t<section class=\"elementor-section elementor-top-section elementor-element elementor-element-0be7c07 elementor-section-boxed elementor-section-height-default elementor-section-height-default wpr-particle-no wpr-jarallax-no wpr-parallax-no wpr-sticky-section-no wpr-equal-height-no\" data-id=\"0be7c07\" data-element_type=\"section\" data-e-type=\"section\">\n\t\t\t\t\t\t<div class=\"elementor-container elementor-column-gap-default\">\n\t\t\t\t\t<div class=\"elementor-column elementor-col-100 elementor-top-column elementor-element elementor-element-a680136\" data-id=\"a680136\" data-element_type=\"column\" data-e-type=\"column\">\n\t\t\t<div class=\"elementor-widget-wrap elementor-element-populated\">\n\t\t\t\t\t\t<div class=\"elementor-element elementor-element-066804a elementor-widget elementor-widget-image\" data-id=\"066804a\" data-element_type=\"widget\" data-e-type=\"widget\" data-widget_type=\"image.default\">\n\t\t\t\t<div class=\"elementor-widget-container\">\n\t\t\t\t\t\t\t\t\t\t\t\t\t\t\t<img decoding=\"async\" width=\"750\" height=\"500\" src=\"https:\/\/www.gym-vitalite.fr\/wp-content\/uploads\/2022\/08\/GYM-ENFANT-1024x683.jpeg\" class=\"attachment-large size-large wp-image-305\" alt=\"\" srcset=\"https:\/\/www.gym-vitalite.fr\/wp-content\/uploads\/2022\/08\/GYM-ENFANT-1024x683.jpeg 1024w, https:\/\/www.gym-vitalite.fr\/wp-content\/uploads\/2022\/08\/GYM-ENFANT-300x200.jpeg 300w, https:\/\/www.gym-vitalite.fr\/wp-content\/uploads\/2022\/08\/GYM-ENFANT-768x512.jpeg 768w, https:\/\/www.gym-vitalite.fr\/wp-content\/uploads\/2022\/08\/GYM-ENFANT-1536x1024.jpeg 1536w, https:\/\/www.gym-vitalite.fr\/wp-content\/uploads\/2022\/08\/GYM-ENFANT-2048x1365.jpeg 2048w, https:\/\/www.gym-vitalite.fr\/wp-content\/uploads\/2022\/08\/GYM-ENFANT-1568x1045.jpeg 1568w\" sizes=\"(max-width: 750px) 100vw, 750px\" style=\"width:100%;height:66.68%;max-width:2560px\" \/>\t\t\t\t\t\t\t\t\t\t\t\t\t\t\t<\/div>\n\t\t\t\t<\/div>\n\t\t\t\t\t<\/div>\n\t\t<\/div>\n\t\t\t\t\t<\/div>\n\t\t<\/section>\n\t\t\t\t<\/div>\n\t\t","protected":false},"excerpt":{"rendered":"<p>Gym Parent-b\u00e9b\u00e9 et Gym Enfant STEPHANIE\u00a0: Gym parent-b\u00e9b\u00e9 Moment convivial avec son enfant ou petit enfant o\u00f9 il va explorer et d\u00e9couvrir les formes, les couleurs, le mime. Il va se sociabiliser, aller vers les autres et partager. Le cours dure 45 mn se compose d\u2019un parcours de motricit\u00e9 et de divers jeux et comptines. \u00a0Gym enfant\u00a0 Initiation a plusieurs activit\u00e9s sportives sous formes de jeux (danse, athl\u00e9tisme, grs, badminton, foot, basket, volley, lutte etc\u2026) Le cours dure 45 mn.<\/p>\n","protected":false},"author":1,"featured_media":0,"parent":0,"menu_order":0,"comment_status":"closed","ping_status":"closed","template":"elementor_canvas","meta":{"_eb_attr":"","footnotes":""},"class_list":["post-194","page","type-page","status-publish","hentry","entry"],"_links":{"self":[{"href":"https:\/\/www.gym-vitalite.fr\/index.php?rest_route=\/wp\/v2\/pages\/194","targetHints":{"allow":["GET"]}}],"collection":[{"href":"https:\/\/www.gym-vitalite.fr\/index.php?rest_route=\/wp\/v2\/pages"}],"about":[{"href":"https:\/\/www.gym-vitalite.fr\/index.php?rest_route=\/wp\/v2\/types\/page"}],"author":[{"embeddable":true,"href":"https:\/\/www.gym-vitalite.fr\/index.php?rest_route=\/wp\/v2\/users\/1"}],"replies":[{"embeddable":true,"href":"https:\/\/www.gym-vitalite.fr\/index.php?rest_route=%2Fwp%2Fv2%2Fcomments&post=194"}],"version-history":[{"count":22,"href":"https:\/\/www.gym-vitalite.fr\/index.php?rest_route=\/wp\/v2\/pages\/194\/revisions"}],"predecessor-version":[{"id":320,"href":"https:\/\/www.gym-vitalite.fr\/index.php?rest_route=\/wp\/v2\/pages\/194\/revisions\/320"}],"wp:attachment":[{"href":"https:\/\/www.gym-vitalite.fr\/index.php?rest_route=%2Fwp%2Fv2%2Fmedia&parent=194"}],"curies":[{"name":"wp","href":"https:\/\/api.w.org\/{rel}","templated":true}]}}