{"id":157,"date":"2022-08-26T16:11:03","date_gmt":"2022-08-26T14:11:03","guid":{"rendered":"https:\/\/www.gym-vitalite.fr\/?page_id=157"},"modified":"2022-08-31T12:49:26","modified_gmt":"2022-08-31T10:49:26","slug":"gym-douce","status":"publish","type":"page","link":"https:\/\/www.gym-vitalite.fr\/?page_id=157","title":{"rendered":"Gym Douce"},"content":{"rendered":"\t\t<div data-elementor-type=\"wp-page\" data-elementor-id=\"157\" class=\"elementor elementor-157\">\n\t\t\t\t\t\t<section class=\"elementor-section elementor-top-section elementor-element elementor-element-cf69177 elementor-section-boxed elementor-section-height-default elementor-section-height-default wpr-particle-no wpr-jarallax-no wpr-parallax-no wpr-sticky-section-no wpr-equal-height-no\" data-id=\"cf69177\" data-element_type=\"section\" data-e-type=\"section\">\n\t\t\t\t\t\t<div class=\"elementor-container elementor-column-gap-default\">\n\t\t\t\t\t<div class=\"elementor-column elementor-col-100 elementor-top-column elementor-element elementor-element-b4e79b9\" data-id=\"b4e79b9\" data-element_type=\"column\" data-e-type=\"column\">\n\t\t\t<div class=\"elementor-widget-wrap elementor-element-populated\">\n\t\t\t\t\t\t<div class=\"elementor-element elementor-element-0b8e07a elementor-widget elementor-widget-heading\" data-id=\"0b8e07a\" data-element_type=\"widget\" data-e-type=\"widget\" data-widget_type=\"heading.default\">\n\t\t\t\t<div class=\"elementor-widget-container\">\n\t\t\t\t\t<h3 class=\"elementor-heading-title elementor-size-default\">Gym Douce<\/h3>\t\t\t\t<\/div>\n\t\t\t\t<\/div>\n\t\t\t\t\t<\/div>\n\t\t<\/div>\n\t\t\t\t\t<\/div>\n\t\t<\/section>\n\t\t\t\t<section class=\"elementor-section elementor-top-section elementor-element elementor-element-d95e26f elementor-section-boxed elementor-section-height-default elementor-section-height-default wpr-particle-no wpr-jarallax-no wpr-parallax-no wpr-sticky-section-no wpr-equal-height-no\" data-id=\"d95e26f\" data-element_type=\"section\" data-e-type=\"section\">\n\t\t\t\t\t\t<div class=\"elementor-container elementor-column-gap-default\">\n\t\t\t\t\t<div class=\"elementor-column elementor-col-100 elementor-top-column elementor-element elementor-element-f8f325a\" data-id=\"f8f325a\" data-element_type=\"column\" data-e-type=\"column\">\n\t\t\t<div class=\"elementor-widget-wrap elementor-element-populated\">\n\t\t\t\t\t\t<div class=\"elementor-element elementor-element-e0b7514 elementor-widget elementor-widget-text-editor\" data-id=\"e0b7514\" data-element_type=\"widget\" data-e-type=\"widget\" data-widget_type=\"text-editor.default\">\n\t\t\t\t<div class=\"elementor-widget-container\">\n\t\t\t\t\t\t\t\t\t<p><strong><span style=\"text-decoration: underline;\">VERONIQUE<\/span>\u00a0:<\/strong><\/p><p>Dans ce cours, diff\u00e9rentes techniques douces sont utilis\u00e9es, gymnastique holistique, anti-gymnastique, sophrologie, relaxation, \u2026<\/p><p>Nous travaillons l\u2019\u00e9quilibre, le renforcement musculaire, les \u00e9tirements et la relaxation en adaptant aux capacit\u00e9s de chacun et en amenant le pratiquant \u00e0 se concentrer sur son ressenti.<\/p><p>Cette pratique s\u2019adresse \u00e0 tous les publics.<\/p>\t\t\t\t\t\t\t\t<\/div>\n\t\t\t\t<\/div>\n\t\t\t\t\t<\/div>\n\t\t<\/div>\n\t\t\t\t\t<\/div>\n\t\t<\/section>\n\t\t\t\t<section class=\"elementor-section elementor-top-section elementor-element elementor-element-ed3c351 elementor-section-boxed elementor-section-height-default elementor-section-height-default wpr-particle-no wpr-jarallax-no wpr-parallax-no wpr-sticky-section-no wpr-equal-height-no\" data-id=\"ed3c351\" data-element_type=\"section\" data-e-type=\"section\">\n\t\t\t\t\t\t<div class=\"elementor-container elementor-column-gap-default\">\n\t\t\t\t\t<div class=\"elementor-column elementor-col-100 elementor-top-column elementor-element elementor-element-38bd9fc\" data-id=\"38bd9fc\" data-element_type=\"column\" data-e-type=\"column\">\n\t\t\t<div class=\"elementor-widget-wrap elementor-element-populated\">\n\t\t\t\t\t\t<div class=\"elementor-element elementor-element-a016539 elementor-widget elementor-widget-image\" data-id=\"a016539\" data-element_type=\"widget\" data-e-type=\"widget\" data-widget_type=\"image.default\">\n\t\t\t\t<div class=\"elementor-widget-container\">\n\t\t\t\t\t\t\t\t\t\t\t\t\t\t\t<img fetchpriority=\"high\" decoding=\"async\" width=\"750\" height=\"500\" src=\"https:\/\/www.gym-vitalite.fr\/wp-content\/uploads\/2022\/08\/GYM-DOUCE-1024x683.jpg\" class=\"attachment-large size-large wp-image-292\" alt=\"\" srcset=\"https:\/\/www.gym-vitalite.fr\/wp-content\/uploads\/2022\/08\/GYM-DOUCE-1024x683.jpg 1024w, https:\/\/www.gym-vitalite.fr\/wp-content\/uploads\/2022\/08\/GYM-DOUCE-300x200.jpg 300w, https:\/\/www.gym-vitalite.fr\/wp-content\/uploads\/2022\/08\/GYM-DOUCE-768x512.jpg 768w, https:\/\/www.gym-vitalite.fr\/wp-content\/uploads\/2022\/08\/GYM-DOUCE-1536x1024.jpg 1536w, https:\/\/www.gym-vitalite.fr\/wp-content\/uploads\/2022\/08\/GYM-DOUCE-2048x1365.jpg 2048w, https:\/\/www.gym-vitalite.fr\/wp-content\/uploads\/2022\/08\/GYM-DOUCE-1568x1045.jpg 1568w\" sizes=\"(max-width: 750px) 100vw, 750px\" style=\"width:100%;height:66.68%;max-width:2560px\" \/>\t\t\t\t\t\t\t\t\t\t\t\t\t\t\t<\/div>\n\t\t\t\t<\/div>\n\t\t\t\t\t<\/div>\n\t\t<\/div>\n\t\t\t\t\t<\/div>\n\t\t<\/section>\n\t\t\t\t<\/div>\n\t\t","protected":false},"excerpt":{"rendered":"<p>Gym Douce VERONIQUE\u00a0: Dans ce cours, diff\u00e9rentes techniques douces sont utilis\u00e9es, gymnastique holistique, anti-gymnastique, sophrologie, relaxation, \u2026 Nous travaillons l\u2019\u00e9quilibre, le renforcement musculaire, les \u00e9tirements et la relaxation en adaptant aux capacit\u00e9s de chacun et en amenant le pratiquant \u00e0 se concentrer sur son ressenti. Cette pratique s\u2019adresse \u00e0 tous les publics.<\/p>\n","protected":false},"author":1,"featured_media":0,"parent":0,"menu_order":0,"comment_status":"closed","ping_status":"closed","template":"elementor_canvas","meta":{"_eb_attr":"","footnotes":""},"class_list":["post-157","page","type-page","status-publish","hentry","entry"],"_links":{"self":[{"href":"https:\/\/www.gym-vitalite.fr\/index.php?rest_route=\/wp\/v2\/pages\/157","targetHints":{"allow":["GET"]}}],"collection":[{"href":"https:\/\/www.gym-vitalite.fr\/index.php?rest_route=\/wp\/v2\/pages"}],"about":[{"href":"https:\/\/www.gym-vitalite.fr\/index.php?rest_route=\/wp\/v2\/types\/page"}],"author":[{"embeddable":true,"href":"https:\/\/www.gym-vitalite.fr\/index.php?rest_route=\/wp\/v2\/users\/1"}],"replies":[{"embeddable":true,"href":"https:\/\/www.gym-vitalite.fr\/index.php?rest_route=%2Fwp%2Fv2%2Fcomments&post=157"}],"version-history":[{"count":10,"href":"https:\/\/www.gym-vitalite.fr\/index.php?rest_route=\/wp\/v2\/pages\/157\/revisions"}],"predecessor-version":[{"id":304,"href":"https:\/\/www.gym-vitalite.fr\/index.php?rest_route=\/wp\/v2\/pages\/157\/revisions\/304"}],"wp:attachment":[{"href":"https:\/\/www.gym-vitalite.fr\/index.php?rest_route=%2Fwp%2Fv2%2Fmedia&parent=157"}],"curies":[{"name":"wp","href":"https:\/\/api.w.org\/{rel}","templated":true}]}}