{"id":151,"date":"2022-08-26T16:08:32","date_gmt":"2022-08-26T14:08:32","guid":{"rendered":"https:\/\/www.gym-vitalite.fr\/?page_id=151"},"modified":"2022-08-31T12:45:12","modified_gmt":"2022-08-31T10:45:12","slug":"body-zen","status":"publish","type":"page","link":"https:\/\/www.gym-vitalite.fr\/?page_id=151","title":{"rendered":"Body Zen"},"content":{"rendered":"\t\t<div data-elementor-type=\"wp-page\" data-elementor-id=\"151\" class=\"elementor elementor-151\">\n\t\t\t\t\t\t<section class=\"elementor-section elementor-top-section elementor-element elementor-element-ac81cf3 elementor-section-boxed elementor-section-height-default elementor-section-height-default wpr-particle-no wpr-jarallax-no wpr-parallax-no wpr-sticky-section-no wpr-equal-height-no\" data-id=\"ac81cf3\" data-element_type=\"section\" data-e-type=\"section\">\n\t\t\t\t\t\t<div class=\"elementor-container elementor-column-gap-default\">\n\t\t\t\t\t<div class=\"elementor-column elementor-col-100 elementor-top-column elementor-element elementor-element-56a0a70\" data-id=\"56a0a70\" data-element_type=\"column\" data-e-type=\"column\">\n\t\t\t<div class=\"elementor-widget-wrap elementor-element-populated\">\n\t\t\t\t\t\t<div class=\"elementor-element elementor-element-27be7b1 elementor-widget elementor-widget-heading\" data-id=\"27be7b1\" data-element_type=\"widget\" data-e-type=\"widget\" data-widget_type=\"heading.default\">\n\t\t\t\t<div class=\"elementor-widget-container\">\n\t\t\t\t\t<h3 class=\"elementor-heading-title elementor-size-default\">Body Zen<\/h3>\t\t\t\t<\/div>\n\t\t\t\t<\/div>\n\t\t\t\t\t<\/div>\n\t\t<\/div>\n\t\t\t\t\t<\/div>\n\t\t<\/section>\n\t\t\t\t<section class=\"elementor-section elementor-top-section elementor-element elementor-element-e9d0488 elementor-section-boxed elementor-section-height-default elementor-section-height-default wpr-particle-no wpr-jarallax-no wpr-parallax-no wpr-sticky-section-no wpr-equal-height-no\" data-id=\"e9d0488\" data-element_type=\"section\" data-e-type=\"section\">\n\t\t\t\t\t\t<div class=\"elementor-container elementor-column-gap-default\">\n\t\t\t\t\t<div class=\"elementor-column elementor-col-100 elementor-top-column elementor-element elementor-element-bec3dd2\" data-id=\"bec3dd2\" data-element_type=\"column\" data-e-type=\"column\">\n\t\t\t<div class=\"elementor-widget-wrap elementor-element-populated\">\n\t\t\t\t\t\t<div class=\"elementor-element elementor-element-b482dab elementor-widget elementor-widget-text-editor\" data-id=\"b482dab\" data-element_type=\"widget\" data-e-type=\"widget\" data-widget_type=\"text-editor.default\">\n\t\t\t\t<div class=\"elementor-widget-container\">\n\t\t\t\t\t\t\t\t\t<p><strong><u>MARIE-EVE<\/u>\u00a0:<\/strong><\/p><p>Cours de gymnastique : travaillant sur la mobilit\u00e9 articulaire, les \u00e9tirements mais aussi la posture et le renforcement des muscles.<\/p><p>Association de diff\u00e9rentes m\u00e9thodes : Qi Gong, Gym dans\u00e9e, Yoga, Pilates, Gymnastique posturale et Relaxation.<\/p><p>Activit\u00e9 de bien \u00eatre qui permet une prise de conscience corporelle, une meilleure mobilit\u00e9 et apporte de la d\u00e9tente.<\/p><p>Public Adulte et Seniors<\/p>\t\t\t\t\t\t\t\t<\/div>\n\t\t\t\t<\/div>\n\t\t\t\t\t<\/div>\n\t\t<\/div>\n\t\t\t\t\t<\/div>\n\t\t<\/section>\n\t\t\t\t<section class=\"elementor-section elementor-top-section elementor-element elementor-element-d96dc54 elementor-section-boxed elementor-section-height-default elementor-section-height-default wpr-particle-no wpr-jarallax-no wpr-parallax-no wpr-sticky-section-no wpr-equal-height-no\" data-id=\"d96dc54\" data-element_type=\"section\" data-e-type=\"section\">\n\t\t\t\t\t\t<div class=\"elementor-container elementor-column-gap-default\">\n\t\t\t\t\t<div class=\"elementor-column elementor-col-100 elementor-top-column elementor-element elementor-element-3e4fee9\" data-id=\"3e4fee9\" data-element_type=\"column\" data-e-type=\"column\">\n\t\t\t<div class=\"elementor-widget-wrap elementor-element-populated\">\n\t\t\t\t\t\t<div class=\"elementor-element elementor-element-eda9da7 elementor-widget elementor-widget-image\" data-id=\"eda9da7\" data-element_type=\"widget\" data-e-type=\"widget\" data-widget_type=\"image.default\">\n\t\t\t\t<div class=\"elementor-widget-container\">\n\t\t\t\t\t\t\t\t\t\t\t\t\t\t\t<img fetchpriority=\"high\" decoding=\"async\" width=\"750\" height=\"499\" src=\"https:\/\/www.gym-vitalite.fr\/wp-content\/uploads\/2022\/08\/BODY-ZEN-1024x681.jpg\" class=\"attachment-large size-large wp-image-287\" alt=\"\" srcset=\"https:\/\/www.gym-vitalite.fr\/wp-content\/uploads\/2022\/08\/BODY-ZEN-1024x681.jpg 1024w, https:\/\/www.gym-vitalite.fr\/wp-content\/uploads\/2022\/08\/BODY-ZEN-300x199.jpg 300w, https:\/\/www.gym-vitalite.fr\/wp-content\/uploads\/2022\/08\/BODY-ZEN-768x511.jpg 768w, https:\/\/www.gym-vitalite.fr\/wp-content\/uploads\/2022\/08\/BODY-ZEN-1536x1021.jpg 1536w, https:\/\/www.gym-vitalite.fr\/wp-content\/uploads\/2022\/08\/BODY-ZEN-2048x1362.jpg 2048w, https:\/\/www.gym-vitalite.fr\/wp-content\/uploads\/2022\/08\/BODY-ZEN-1568x1043.jpg 1568w\" sizes=\"(max-width: 750px) 100vw, 750px\" style=\"width:100%;height:66.48%;max-width:2560px\" \/>\t\t\t\t\t\t\t\t\t\t\t\t\t\t\t<\/div>\n\t\t\t\t<\/div>\n\t\t\t\t\t<\/div>\n\t\t<\/div>\n\t\t\t\t\t<\/div>\n\t\t<\/section>\n\t\t\t\t<\/div>\n\t\t","protected":false},"excerpt":{"rendered":"<p>Body Zen MARIE-EVE\u00a0: Cours de gymnastique : travaillant sur la mobilit\u00e9 articulaire, les \u00e9tirements mais aussi la posture et le renforcement des muscles. Association de diff\u00e9rentes m\u00e9thodes : Qi Gong, Gym dans\u00e9e, Yoga, Pilates, Gymnastique posturale et Relaxation. Activit\u00e9 de bien \u00eatre qui permet une prise de conscience corporelle, une meilleure mobilit\u00e9 et apporte de la d\u00e9tente. Public Adulte et Seniors<\/p>\n","protected":false},"author":1,"featured_media":0,"parent":0,"menu_order":0,"comment_status":"closed","ping_status":"closed","template":"elementor_canvas","meta":{"_eb_attr":"","footnotes":""},"class_list":["post-151","page","type-page","status-publish","hentry","entry"],"_links":{"self":[{"href":"https:\/\/www.gym-vitalite.fr\/index.php?rest_route=\/wp\/v2\/pages\/151","targetHints":{"allow":["GET"]}}],"collection":[{"href":"https:\/\/www.gym-vitalite.fr\/index.php?rest_route=\/wp\/v2\/pages"}],"about":[{"href":"https:\/\/www.gym-vitalite.fr\/index.php?rest_route=\/wp\/v2\/types\/page"}],"author":[{"embeddable":true,"href":"https:\/\/www.gym-vitalite.fr\/index.php?rest_route=\/wp\/v2\/users\/1"}],"replies":[{"embeddable":true,"href":"https:\/\/www.gym-vitalite.fr\/index.php?rest_route=%2Fwp%2Fv2%2Fcomments&post=151"}],"version-history":[{"count":13,"href":"https:\/\/www.gym-vitalite.fr\/index.php?rest_route=\/wp\/v2\/pages\/151\/revisions"}],"predecessor-version":[{"id":298,"href":"https:\/\/www.gym-vitalite.fr\/index.php?rest_route=\/wp\/v2\/pages\/151\/revisions\/298"}],"wp:attachment":[{"href":"https:\/\/www.gym-vitalite.fr\/index.php?rest_route=%2Fwp%2Fv2%2Fmedia&parent=151"}],"curies":[{"name":"wp","href":"https:\/\/api.w.org\/{rel}","templated":true}]}}